{"id":3992,"date":"2020-11-20T02:26:28","date_gmt":"2020-11-20T00:26:28","guid":{"rendered":"https:\/\/cierreshogar.com\/cerramientos\/guias-corredica-inferiores\/"},"modified":"2021-07-01T11:52:06","modified_gmt":"2021-07-01T09:52:06","slug":"guias-corredica-inferiores","status":"publish","type":"product","link":"https:\/\/cierreshogar.com\/pt-pt\/cerramientos\/guias-corredica-inferiores\/","title":{"rendered":"Guias Corredi\u00e7a Inferiores"},"content":{"rendered":"<p><strong>As<\/strong> <strong>guias<\/strong> <strong>ou<\/strong> <strong>carris<\/strong> <strong>de<\/strong> <strong>ch\u00e3o<\/strong> <strong>para<\/strong> <strong>portas<\/strong> <strong>ou<\/strong> <strong>cancelas<\/strong> <strong>de<\/strong> <strong>corredi\u00e7a<\/strong> s\u00e3o perfis de forte resist\u00eancia para suportarem o peso de todo o tipo de portas ou carros de carga. As guias corredi\u00e7as permitem a abertura lateral das portas sem necessidade de soldadura de hastes sobre chapas de a\u00e7o ou da coloca\u00e7\u00e3o de perfis angulares invertidos, que \u00e9 necess\u00e1rio nivelar com cuidado. Tamb\u00e9m s\u00e3o utilizadas para estender carris para a desloca\u00e7\u00e3o de carros de carga.<\/p>\n<p>Fabricamos quatro modelos de guias corredi\u00e7as de ch\u00e3o em a\u00e7o galvanizado de 3mm de espessura, tr\u00eas para embutir na obra e um para aparafusar sobre um pavimento pr\u00e9-existente. <strong>Tamb\u00e9m<\/strong> <strong>fabricamos<\/strong> <strong>a<\/strong> <strong>guia<\/strong> <strong>corredi\u00e7a<\/strong> <strong>de<\/strong> <strong>aparafusar<\/strong> <strong>e<\/strong> <strong>um<\/strong> <strong>dos<\/strong> <strong>modelos<\/strong> <strong>das<\/strong> <strong>de<\/strong> <strong>embutir<\/strong> <strong>em<\/strong> <strong>a\u00e7o<\/strong><strong> i<\/strong><strong>n<\/strong><strong>oxid\u00e1vel<\/strong><strong>.<\/strong><\/p>\n","protected":false},"excerpt":{"rendered":"\n<table id=\"tablepress-20\" class=\"tablepress tablepress-id-20\">\n<thead>\n<tr class=\"row-1\">\n\t<th class=\"column-1\">Tipo<\/th><th class=\"column-2\">Espesor (mm)<\/th><th class=\"column-3\">Peso (Kg\/m)<\/th><th class=\"column-4\">Acabado<\/th>\n<\/tr>\n<\/thead>\n<tbody class=\"row-striping row-hover\">\n<tr class=\"row-2\">\n\t<td class=\"column-1\">Cerrada<\/td><td class=\"column-2\">3<\/td><td class=\"column-3\">3,800<\/td><td class=\"column-4\">Acero Galvanizado<\/td>\n<\/tr>\n<tr class=\"row-3\">\n\t<td class=\"column-1\">Abierta<\/td><td class=\"column-2\">3<\/td><td class=\"column-3\">3,300<\/td><td class=\"column-4\">Acero Galvanizado<\/td>\n<\/tr>\n<tr class=\"row-4\">\n\t<td class=\"column-1\">De embutir<\/td><td class=\"column-2\">3<\/td><td class=\"column-3\">4,004<\/td><td class=\"column-4\">Acero Galvanizado e Inox AISI-304-BAP<\/td>\n<\/tr>\n<tr class=\"row-5\">\n\t<td class=\"column-1\">De atornillar<\/td><td class=\"column-2\">3<\/td><td class=\"column-3\">1,649<\/td><td class=\"column-4\">Acero Galvanizado<\/td>\n<\/tr>\n<tr class=\"row-6\">\n\t<td class=\"column-1\">De atornillar<\/td><td class=\"column-2\">2,5<\/td><td class=\"column-3\">1,365<\/td><td class=\"column-4\">Acero Inox AISI-304-BAP<\/td>\n<\/tr>\n<\/tbody>\n<\/table>\n<!-- #tablepress-20 from cache -->\n","protected":false},"featured_media":4001,"template":"","meta":{"_et_pb_use_builder":"off","_et_pb_old_content":"Chapa de cobertura reduzida para o fabrico de portas, cerramentos e revestimentos exteriores e interiores.","_et_gb_content_width":""},"product_brand":[],"product_cat":[86,84],"product_tag":[],"class_list":{"0":"post-3992","1":"product","2":"type-product","3":"status-publish","4":"has-post-thumbnail","6":"product_cat-guias-corredica","7":"product_cat-portas-e-guias","9":"first","10":"instock","11":"shipping-taxable","12":"product-type-simple"},"_links":{"self":[{"href":"https:\/\/cierreshogar.com\/pt-pt\/wp-json\/wp\/v2\/product\/3992","targetHints":{"allow":["GET"]}}],"collection":[{"href":"https:\/\/cierreshogar.com\/pt-pt\/wp-json\/wp\/v2\/product"}],"about":[{"href":"https:\/\/cierreshogar.com\/pt-pt\/wp-json\/wp\/v2\/types\/product"}],"wp:featuredmedia":[{"embeddable":true,"href":"https:\/\/cierreshogar.com\/pt-pt\/wp-json\/wp\/v2\/media\/4001"}],"wp:attachment":[{"href":"https:\/\/cierreshogar.com\/pt-pt\/wp-json\/wp\/v2\/media?parent=3992"}],"wp:term":[{"taxonomy":"product_brand","embeddable":true,"href":"https:\/\/cierreshogar.com\/pt-pt\/wp-json\/wp\/v2\/product_brand?post=3992"},{"taxonomy":"product_cat","embeddable":true,"href":"https:\/\/cierreshogar.com\/pt-pt\/wp-json\/wp\/v2\/product_cat?post=3992"},{"taxonomy":"product_tag","embeddable":true,"href":"https:\/\/cierreshogar.com\/pt-pt\/wp-json\/wp\/v2\/product_tag?post=3992"}],"curies":[{"name":"wp","href":"https:\/\/api.w.org\/{rel}","templated":true}]}}