{"id":4002,"date":"2020-11-20T01:22:13","date_gmt":"2020-11-19T23:22:13","guid":{"rendered":"https:\/\/cierreshogar.com\/cerramientos\/guias-corredica-superiores\/"},"modified":"2021-07-01T11:53:28","modified_gmt":"2021-07-01T09:53:28","slug":"guias-corredica-superiores","status":"publish","type":"product","link":"https:\/\/cierreshogar.com\/pt-pt\/cerramientos\/guias-corredica-superiores\/","title":{"rendered":"Guias Corredi\u00e7a Superiores"},"content":{"rendered":"<p>As <strong>guias<\/strong> <strong>ou<\/strong> <strong>carris<\/strong> <strong>de<\/strong> <strong>corredi\u00e7a<\/strong> <strong>superiores<\/strong> <strong>ou<\/strong> <strong>de<\/strong> <strong>teto<\/strong> servem para suspender as portas de correr e faz\u00ea-las deslizar durante a sua abertura ou fecho mediante rolos simples ou duplos.<\/p>\n<p>Fabricamos v\u00e1rias medidas de guias corredi\u00e7as em <strong>a\u00e7o<\/strong> <strong>galvanizado<\/strong> <strong>e<\/strong><strong> i<\/strong><strong>n<\/strong><strong>oxid\u00e1vel<\/strong><strong>,<\/strong> com largura de caixa de 29, 33, 40, 43, 60 e 63 mm, em espessuras de 1,5 a 2,5mm.<\/p>\n","protected":false},"excerpt":{"rendered":"\n<table id=\"tablepress-19\" class=\"tablepress tablepress-id-19\">\n<thead>\n<tr class=\"row-1\">\n\t<th class=\"column-1\">Medidas (mm)<\/th><th class=\"column-2\">Espesor (mm)<\/th><th class=\"column-3\">Peso (Kg\/m)<\/th><th class=\"column-4\">Acabado<\/th>\n<\/tr>\n<\/thead>\n<tbody class=\"row-striping row-hover\">\n<tr class=\"row-2\">\n\t<td class=\"column-1\">60x55<\/td><td class=\"column-2\">2,5<\/td><td class=\"column-3\">3,650<\/td><td class=\"column-4\">Acero Galvanizado e Inox AISI-304-BAP<\/td>\n<\/tr>\n<tr class=\"row-3\">\n\t<td class=\"column-1\">43x51<\/td><td class=\"column-2\">2,5<\/td><td class=\"column-3\">3,042<\/td><td class=\"column-4\">Acero Galvanizado<\/td>\n<\/tr>\n<tr class=\"row-4\">\n\t<td class=\"column-1\">40x40<\/td><td class=\"column-2\">1,5<\/td><td class=\"column-3\">1,531<\/td><td class=\"column-4\">Acero Galvanizado e Inox AISI-304-BAP<\/td>\n<\/tr>\n<tr class=\"row-5\">\n\t<td class=\"column-1\">30x33<\/td><td class=\"column-2\">2<\/td><td class=\"column-3\">1,560<\/td><td class=\"column-4\">Acero Galvanizado<\/td>\n<\/tr>\n<tr class=\"row-6\">\n\t<td class=\"column-1\">30x29<\/td><td class=\"column-2\">2<\/td><td class=\"column-3\">1,492<\/td><td class=\"column-4\">Acero Galvanizado<\/td>\n<\/tr>\n<\/tbody>\n<\/table>\n\n","protected":false},"featured_media":4013,"template":"","meta":{"_et_pb_use_builder":"off","_et_pb_old_content":"Chapa de cobertura reduzida para o fabrico de portas, cerramentos e revestimentos exteriores e interiores.","_et_gb_content_width":""},"product_brand":[],"product_cat":[86,84],"product_tag":[],"class_list":{"0":"post-4002","1":"product","2":"type-product","3":"status-publish","4":"has-post-thumbnail","6":"product_cat-guias-corredica","7":"product_cat-portas-e-guias","9":"first","10":"instock","11":"shipping-taxable","12":"product-type-simple"},"_links":{"self":[{"href":"https:\/\/cierreshogar.com\/pt-pt\/wp-json\/wp\/v2\/product\/4002","targetHints":{"allow":["GET"]}}],"collection":[{"href":"https:\/\/cierreshogar.com\/pt-pt\/wp-json\/wp\/v2\/product"}],"about":[{"href":"https:\/\/cierreshogar.com\/pt-pt\/wp-json\/wp\/v2\/types\/product"}],"wp:featuredmedia":[{"embeddable":true,"href":"https:\/\/cierreshogar.com\/pt-pt\/wp-json\/wp\/v2\/media\/4013"}],"wp:attachment":[{"href":"https:\/\/cierreshogar.com\/pt-pt\/wp-json\/wp\/v2\/media?parent=4002"}],"wp:term":[{"taxonomy":"product_brand","embeddable":true,"href":"https:\/\/cierreshogar.com\/pt-pt\/wp-json\/wp\/v2\/product_brand?post=4002"},{"taxonomy":"product_cat","embeddable":true,"href":"https:\/\/cierreshogar.com\/pt-pt\/wp-json\/wp\/v2\/product_cat?post=4002"},{"taxonomy":"product_tag","embeddable":true,"href":"https:\/\/cierreshogar.com\/pt-pt\/wp-json\/wp\/v2\/product_tag?post=4002"}],"curies":[{"name":"wp","href":"https:\/\/api.w.org\/{rel}","templated":true}]}}