{"id":4033,"date":"2020-11-16T08:01:53","date_gmt":"2020-11-16T06:01:53","guid":{"rendered":"https:\/\/cierreshogar.com\/cerramientos\/perfil-angular\/"},"modified":"2021-07-01T12:00:59","modified_gmt":"2021-07-01T10:00:59","slug":"perfil-angular","status":"publish","type":"product","link":"https:\/\/cierreshogar.com\/pt-pt\/cerramientos\/perfil-angular\/","title":{"rendered":"PERFIL ANGULAR"},"content":{"rendered":"<p><strong>Perfil<\/strong> <strong>met\u00e1lico<\/strong><strong> angular <\/strong><strong>com<\/strong> <strong>forma<\/strong> <strong>de<\/strong> <strong>L<\/strong>. Tal como acontece com o perfil em U, os perfis angulares t\u00eam uma infinidade de aplica\u00e7\u00f5es em todos os setores, como perfil estrutural ou como remate e prote\u00e7\u00e3o de acabamentos em aresta ou esquina: constru\u00e7\u00e3o, agricultura, transporte, mobili\u00e1rio, carro\u00e7arias, constru\u00e7\u00e3o de estruturas met\u00e1licas em geral.<\/p>\n<p>Fabricamos uma vasta gama de perfis angulares em a\u00e7o galvanizado, <strong>laminado a frio<\/strong> <strong>e<\/strong> <strong>laminado<\/strong> <strong>a quente<\/strong><strong>,<\/strong> <strong>de<\/strong> <strong>1<\/strong><strong>,<\/strong><strong>5<\/strong> <strong>a<\/strong> <strong>3<\/strong><strong>mm <\/strong><strong>de<\/strong> <strong>espessura<\/strong><strong>.<\/strong><\/p>\n","protected":false},"excerpt":{"rendered":"\n<table id=\"tablepress-15\" class=\"tablepress tablepress-id-15\">\n<thead>\n<tr class=\"row-1\">\n\t<th class=\"column-1\">A* (mm) <\/th><th class=\"column-2\">B* (mm) <\/th><th class=\"column-3\">e* (mm) <\/th><th class=\"column-4\">Peso (Kg\/m)<\/th><th class=\"column-5\">Unid. por paquete<\/th><th class=\"column-6\">Acabado<\/th>\n<\/tr>\n<\/thead>\n<tbody class=\"row-striping row-hover\">\n<tr class=\"row-2\">\n\t<td class=\"column-1\">15<\/td><td class=\"column-2\">15<\/td><td class=\"column-3\">1,5<\/td><td class=\"column-4\">0,316<\/td><td class=\"column-5\">525<\/td><td class=\"column-6\">Acero Laminado en fr\u00edo <\/td>\n<\/tr>\n<tr class=\"row-3\">\n\t<td class=\"column-1\">20<\/td><td class=\"column-2\">20<\/td><td class=\"column-3\">1,5<\/td><td class=\"column-4\">0,433<\/td><td class=\"column-5\">400<\/td><td class=\"column-6\">Acero Laminado en fr\u00edo y Galvanizado <\/td>\n<\/tr>\n<tr class=\"row-4\">\n\t<td class=\"column-1\">20<\/td><td class=\"column-2\">20<\/td><td class=\"column-3\">2,0<\/td><td class=\"column-4\">0,562<\/td><td class=\"column-5\">250<\/td><td class=\"column-6\">Acero Decapado y Galvanizado<\/td>\n<\/tr>\n<tr class=\"row-5\">\n\t<td class=\"column-1\">25<\/td><td class=\"column-2\">25<\/td><td class=\"column-3\">1,5<\/td><td class=\"column-4\">0,550<\/td><td class=\"column-5\">300<\/td><td class=\"column-6\">Acero Laminado en fr\u00edo y Galvanizado<\/td>\n<\/tr>\n<tr class=\"row-6\">\n\t<td class=\"column-1\">25<\/td><td class=\"column-2\">25<\/td><td class=\"column-3\">2,0<\/td><td class=\"column-4\">0,722<\/td><td class=\"column-5\">200<\/td><td class=\"column-6\">Acero Decapado y Galvanizado <\/td>\n<\/tr>\n<tr class=\"row-7\">\n\t<td class=\"column-1\">30<\/td><td class=\"column-2\">30<\/td><td class=\"column-3\">1,5<\/td><td class=\"column-4\">0,667<\/td><td class=\"column-5\">280<\/td><td class=\"column-6\">Acero Laminado en fr\u00edo y Galvanizado <\/td>\n<\/tr>\n<tr class=\"row-8\">\n\t<td class=\"column-1\">30<\/td><td class=\"column-2\">30<\/td><td class=\"column-3\">2,0<\/td><td class=\"column-4\">0,879<\/td><td class=\"column-5\">200<\/td><td class=\"column-6\">Acero Decapado y Galvanizado <\/td>\n<\/tr>\n<tr class=\"row-9\">\n\t<td class=\"column-1\">35<\/td><td class=\"column-2\">35<\/td><td class=\"column-3\">1,5<\/td><td class=\"column-4\">0,761<\/td><td class=\"column-5\">220<\/td><td class=\"column-6\">Acero Laminado en fr\u00edoy Galvanizado <\/td>\n<\/tr>\n<tr class=\"row-10\">\n\t<td class=\"column-1\">35<\/td><td class=\"column-2\">35<\/td><td class=\"column-3\">2,0<\/td><td class=\"column-4\">1,030<\/td><td class=\"column-5\">160<\/td><td class=\"column-6\">Acero Decapado y Galvanizado <\/td>\n<\/tr>\n<tr class=\"row-11\">\n\t<td class=\"column-1\">40<\/td><td class=\"column-2\">20<\/td><td class=\"column-3\">2,0<\/td><td class=\"column-4\">0,874<\/td><td class=\"column-5\">160<\/td><td class=\"column-6\">Acero Decapado <\/td>\n<\/tr>\n<tr class=\"row-12\">\n\t<td class=\"column-1\">40<\/td><td class=\"column-2\">40<\/td><td class=\"column-3\">1,5<\/td><td class=\"column-4\">0,901<\/td><td class=\"column-5\">140<\/td><td class=\"column-6\">Acero Laminado en fr\u00edo <\/td>\n<\/tr>\n<tr class=\"row-13\">\n\t<td class=\"column-1\">40<\/td><td class=\"column-2\">40<\/td><td class=\"column-3\">2,0<\/td><td class=\"column-4\">1,186<\/td><td class=\"column-5\">110<\/td><td class=\"column-6\">Acero Decapado y Galvanizado <\/td>\n<\/tr>\n<tr class=\"row-14\">\n\t<td class=\"column-1\">50<\/td><td class=\"column-2\">50<\/td><td class=\"column-3\">2,0<\/td><td class=\"column-4\">1,507<\/td><td class=\"column-5\">110<\/td><td class=\"column-6\">Acero Decapado y Galvanizado <\/td>\n<\/tr>\n<tr class=\"row-15\">\n\t<td class=\"column-1\">60<\/td><td class=\"column-2\">30<\/td><td class=\"column-3\">3,0<\/td><td class=\"column-4\">1,980<\/td><td class=\"column-5\">100<\/td><td class=\"column-6\">Acero Decapado<\/td>\n<\/tr>\n<tr class=\"row-16\">\n\t<td class=\"column-1\">60<\/td><td class=\"column-2\">60<\/td><td class=\"column-3\">3,0<\/td><td class=\"column-4\">2,680<\/td><td class=\"column-5\">75<\/td><td class=\"column-6\">Acero Decapado<\/td>\n<\/tr>\n<\/tbody>\n<\/table>\n<!-- #tablepress-15 from cache -->\n","protected":false},"featured_media":4035,"template":"","meta":{"_et_pb_use_builder":"off","_et_pb_old_content":"Chapa de cobertura reduzida para o fabrico de portas, cerramentos e revestimentos exteriores e interiores.","_et_gb_content_width":""},"product_brand":[],"product_cat":[87],"product_tag":[],"class_list":{"0":"post-4033","1":"product","2":"type-product","3":"status-publish","4":"has-post-thumbnail","6":"product_cat-perfis-de-aco","8":"first","9":"instock","10":"shipping-taxable","11":"product-type-simple"},"_links":{"self":[{"href":"https:\/\/cierreshogar.com\/pt-pt\/wp-json\/wp\/v2\/product\/4033","targetHints":{"allow":["GET"]}}],"collection":[{"href":"https:\/\/cierreshogar.com\/pt-pt\/wp-json\/wp\/v2\/product"}],"about":[{"href":"https:\/\/cierreshogar.com\/pt-pt\/wp-json\/wp\/v2\/types\/product"}],"wp:featuredmedia":[{"embeddable":true,"href":"https:\/\/cierreshogar.com\/pt-pt\/wp-json\/wp\/v2\/media\/4035"}],"wp:attachment":[{"href":"https:\/\/cierreshogar.com\/pt-pt\/wp-json\/wp\/v2\/media?parent=4033"}],"wp:term":[{"taxonomy":"product_brand","embeddable":true,"href":"https:\/\/cierreshogar.com\/pt-pt\/wp-json\/wp\/v2\/product_brand?post=4033"},{"taxonomy":"product_cat","embeddable":true,"href":"https:\/\/cierreshogar.com\/pt-pt\/wp-json\/wp\/v2\/product_cat?post=4033"},{"taxonomy":"product_tag","embeddable":true,"href":"https:\/\/cierreshogar.com\/pt-pt\/wp-json\/wp\/v2\/product_tag?post=4033"}],"curies":[{"name":"wp","href":"https:\/\/api.w.org\/{rel}","templated":true}]}}