{"id":4036,"date":"2020-11-16T07:23:10","date_gmt":"2020-11-16T05:23:10","guid":{"rendered":"https:\/\/cierreshogar.com\/cerramientos\/perfil-u\/"},"modified":"2021-07-01T12:01:34","modified_gmt":"2021-07-01T10:01:34","slug":"perfil-u","status":"publish","type":"product","link":"https:\/\/cierreshogar.com\/pt-pt\/cerramientos\/perfil-u\/","title":{"rendered":"PERFIL &#8220;U&#8221;"},"content":{"rendered":"<p><strong>Perfil<\/strong> <strong>met\u00e1lico<\/strong> com <strong>forma de U<\/strong>, com uma infinidade de aplica\u00e7\u00f5es em todos os setores: constru\u00e7\u00e3o, agricultura, transporte, mobili\u00e1rio, carro\u00e7arias, constru\u00e7\u00e3o de estruturas met\u00e1licas em geral.<\/p>\n<p>Fabricamos uma vasta gama de perfis em U em <strong>a\u00e7o galvanizado, laminado a frio e laminado a quente<\/strong>, entre 1,5 e 4mm de espessura.<\/p>\n<p>Entre os seus m\u00faltiplos usos, a U-20x40x20mm \u00e9 utilizada como cerco, quadro ou remate dos nossos Pain\u00e9is Aluacero e, por esta raz\u00e3o, tamb\u00e9m a fabricamos em alum\u00ednio de 2mm.<\/p>\n","protected":false},"excerpt":{"rendered":"\n<table id=\"tablepress-13\" class=\"tablepress tablepress-id-13\">\n<thead>\n<tr class=\"row-1\">\n\t<th class=\"column-1\">B (mm) <\/th><th class=\"column-2\">A (mm) <\/th><th class=\"column-3\">e (mm) <\/th><th class=\"column-4\">Peso (Kg\/m)<\/th><th class=\"column-5\">Unid. por paquete<\/th><th class=\"column-6\">Acabado<\/th>\n<\/tr>\n<\/thead>\n<tbody class=\"row-striping row-hover\">\n<tr class=\"row-2\">\n\t<td class=\"column-1\">10<\/td><td class=\"column-2\">20<\/td><td class=\"column-3\">1,5<\/td><td class=\"column-4\">0,53<\/td><td class=\"column-5\">300<\/td><td class=\"column-6\">Acero laminado en fr\u00edo<\/td>\n<\/tr>\n<tr class=\"row-3\">\n\t<td class=\"column-1\">15<\/td><td class=\"column-2\">15<\/td><td class=\"column-3\">1,5<\/td><td class=\"column-4\">0,468<\/td><td class=\"column-5\">300<\/td><td class=\"column-6\">Acero laminado en fr\u00edo y galvanizado<\/td>\n<\/tr>\n<tr class=\"row-4\">\n\t<td class=\"column-1\">15<\/td><td class=\"column-2\">20<\/td><td class=\"column-3\">1,5<\/td><td class=\"column-4\">0,585<\/td><td class=\"column-5\">300<\/td><td class=\"column-6\">Acero laminado en fr\u00edo<\/td>\n<\/tr>\n<tr class=\"row-5\">\n\t<td class=\"column-1\">20<\/td><td class=\"column-2\">10<\/td><td class=\"column-3\">1,5<\/td><td class=\"column-4\">0,412<\/td><td class=\"column-5\">360<\/td><td class=\"column-6\">Acero laminado en fr\u00edo y galvanizado<\/td>\n<\/tr>\n<tr class=\"row-6\">\n\t<td class=\"column-1\">20<\/td><td class=\"column-2\">20<\/td><td class=\"column-3\">1,5<\/td><td class=\"column-4\">0,648<\/td><td class=\"column-5\">280<\/td><td class=\"column-6\">Acero laminado en fr\u00edo y galvanizado<\/td>\n<\/tr>\n<tr class=\"row-7\">\n\t<td class=\"column-1\">20<\/td><td class=\"column-2\">20<\/td><td class=\"column-3\">2<\/td><td class=\"column-4\">0,864<\/td><td class=\"column-5\">200<\/td><td class=\"column-6\">Acero decapado<\/td>\n<\/tr>\n<tr class=\"row-8\">\n\t<td class=\"column-1\">22<\/td><td class=\"column-2\">45<\/td><td class=\"column-3\">1,5<\/td><td class=\"column-4\">1,28<\/td><td class=\"column-5\">98<\/td><td class=\"column-6\">Acero galvanizado e inox.<\/td>\n<\/tr>\n<tr class=\"row-9\">\n\t<td class=\"column-1\">25<\/td><td class=\"column-2\">15<\/td><td class=\"column-3\">1,5<\/td><td class=\"column-4\">0,589<\/td><td class=\"column-5\">336<\/td><td class=\"column-6\">Acero laminado en fr\u00edo y galvanizado<\/td>\n<\/tr>\n<tr class=\"row-10\">\n\t<td class=\"column-1\">25<\/td><td class=\"column-2\">25<\/td><td class=\"column-3\">1,5<\/td><td class=\"column-4\">0,824<\/td><td class=\"column-5\">336<\/td><td class=\"column-6\">Acero laminado en fr\u00edo<\/td>\n<\/tr>\n<tr class=\"row-11\">\n\t<td class=\"column-1\">25<\/td><td class=\"column-2\">25<\/td><td class=\"column-3\">2<\/td><td class=\"column-4\">1,036<\/td><td class=\"column-5\">200<\/td><td class=\"column-6\">Acero galvanizado<\/td>\n<\/tr>\n<tr class=\"row-12\">\n\t<td class=\"column-1\">25<\/td><td class=\"column-2\">45<\/td><td class=\"column-3\">1,5<\/td><td class=\"column-4\">1,325<\/td><td class=\"column-5\">98<\/td><td class=\"column-6\">Acero galvanizado<\/td>\n<\/tr>\n<tr class=\"row-13\">\n\t<td class=\"column-1\">25<\/td><td class=\"column-2\">50<\/td><td class=\"column-3\">1,5<\/td><td class=\"column-4\">1,44<\/td><td class=\"column-5\">98<\/td><td class=\"column-6\">Acero galvanizado e inox.<\/td>\n<\/tr>\n<tr class=\"row-14\">\n\t<td class=\"column-1\">25<\/td><td class=\"column-2\">50<\/td><td class=\"column-3\">2<\/td><td class=\"column-4\">1,884<\/td><td class=\"column-5\">98<\/td><td class=\"column-6\">Acero galvanizado<\/td>\n<\/tr>\n<tr class=\"row-15\">\n\t<td class=\"column-1\">30<\/td><td class=\"column-2\">15<\/td><td class=\"column-3\">1,5<\/td><td class=\"column-4\">0,648<\/td><td class=\"column-5\">240<\/td><td class=\"column-6\">Acero laminado en fr\u00edo y galvanizado<\/td>\n<\/tr>\n<tr class=\"row-16\">\n\t<td class=\"column-1\">30<\/td><td class=\"column-2\">15<\/td><td class=\"column-3\">2<\/td><td class=\"column-4\">0,864<\/td><td class=\"column-5\">240<\/td><td class=\"column-6\">Acero decapado<\/td>\n<\/tr>\n<tr class=\"row-17\">\n\t<td class=\"column-1\">30<\/td><td class=\"column-2\">30<\/td><td class=\"column-3\">1,5<\/td><td class=\"column-4\">1,001<\/td><td class=\"column-5\">160<\/td><td class=\"column-6\">Acero laminado en fr\u00edo y galvanizado<\/td>\n<\/tr>\n<tr class=\"row-18\">\n\t<td class=\"column-1\">30<\/td><td class=\"column-2\">40<\/td><td class=\"column-3\">2<\/td><td class=\"column-4\">1,648<\/td><td class=\"column-5\">96<\/td><td class=\"column-6\">Acero decapado<\/td>\n<\/tr>\n<tr class=\"row-19\">\n\t<td class=\"column-1\">35<\/td><td class=\"column-2\">15<\/td><td class=\"column-3\">1,5<\/td><td class=\"column-4\">0,707<\/td><td class=\"column-5\">98<\/td><td class=\"column-6\">Acero galvanizado<\/td>\n<\/tr>\n<tr class=\"row-20\">\n\t<td class=\"column-1\">40<\/td><td class=\"column-2\">20<\/td><td class=\"column-3\">1,5<\/td><td class=\"column-4\">0,895<\/td><td class=\"column-5\">160<\/td><td class=\"column-6\">Acero laminado en fr\u00edo y galvanizado<\/td>\n<\/tr>\n<tr class=\"row-21\">\n\t<td class=\"column-1\">40<\/td><td class=\"column-2\">20<\/td><td class=\"column-3\">2<\/td><td class=\"column-4\">1,194<\/td><td class=\"column-5\">144<\/td><td class=\"column-6\">Acero decapado y galvanizado<\/td>\n<\/tr>\n<tr class=\"row-22\">\n\t<td class=\"column-1\">40<\/td><td class=\"column-2\">20<\/td><td class=\"column-3\">3<\/td><td class=\"column-4\">1,649<\/td><td class=\"column-5\">96<\/td><td class=\"column-6\">Acero decapado<\/td>\n<\/tr>\n<tr class=\"row-23\">\n\t<td class=\"column-1\">40<\/td><td class=\"column-2\">40<\/td><td class=\"column-3\">2<\/td><td class=\"column-4\">1,774<\/td><td class=\"column-5\">96<\/td><td class=\"column-6\">Acero decapado y galvanizado<\/td>\n<\/tr>\n<tr class=\"row-24\">\n\t<td class=\"column-1\">40<\/td><td class=\"column-2\">40<\/td><td class=\"column-3\">3<\/td><td class=\"column-4\">2,551<\/td><td class=\"column-5\">96<\/td><td class=\"column-6\">Acero negro y galvanizado<\/td>\n<\/tr>\n<tr class=\"row-25\">\n\t<td class=\"column-1\">45<\/td><td class=\"column-2\">20<\/td><td class=\"column-3\">1,5<\/td><td class=\"column-4\">0,883<\/td><td class=\"column-5\">98<\/td><td class=\"column-6\">Acero galvanizado<\/td>\n<\/tr>\n<tr class=\"row-26\">\n\t<td class=\"column-1\">50<\/td><td class=\"column-2\">25<\/td><td class=\"column-3\">2<\/td><td class=\"column-4\">1,46<\/td><td class=\"column-5\">96<\/td><td class=\"column-6\">Acero decapado<\/td>\n<\/tr>\n<tr class=\"row-27\">\n\t<td class=\"column-1\">50<\/td><td class=\"column-2\">25<\/td><td class=\"column-3\">3<\/td><td class=\"column-4\">2,12<\/td><td class=\"column-5\">98<\/td><td class=\"column-6\">Acero decapado y galvanizado<\/td>\n<\/tr>\n<tr class=\"row-28\">\n\t<td class=\"column-1\">50<\/td><td class=\"column-2\">30<\/td><td class=\"column-3\">2<\/td><td class=\"column-4\">1,649<\/td><td class=\"column-5\">98<\/td><td class=\"column-6\">Acero decapado y galvanizado<\/td>\n<\/tr>\n<tr class=\"row-29\">\n\t<td class=\"column-1\">50<\/td><td class=\"column-2\">30<\/td><td class=\"column-3\">3<\/td><td class=\"column-4\">2,355<\/td><td class=\"column-5\">98<\/td><td class=\"column-6\">Acero negro y galvanizado<\/td>\n<\/tr>\n<tr class=\"row-30\">\n\t<td class=\"column-1\">50<\/td><td class=\"column-2\">40<\/td><td class=\"column-3\">2<\/td><td class=\"column-4\">1,931<\/td><td class=\"column-5\">98<\/td><td class=\"column-6\">Acero decapado<\/td>\n<\/tr>\n<tr class=\"row-31\">\n\t<td class=\"column-1\">50<\/td><td class=\"column-2\">40<\/td><td class=\"column-3\">3<\/td><td class=\"column-4\">2,802<\/td><td class=\"column-5\">98<\/td><td class=\"column-6\">Acero negro y galvanizado<\/td>\n<\/tr>\n<tr class=\"row-32\">\n\t<td class=\"column-1\">60<\/td><td class=\"column-2\">30<\/td><td class=\"column-3\">3<\/td><td class=\"column-4\">2,567<\/td><td class=\"column-5\">72<\/td><td class=\"column-6\">Acero negro y galvanizado<\/td>\n<\/tr>\n<tr class=\"row-33\">\n\t<td class=\"column-1\">60<\/td><td class=\"column-2\">40<\/td><td class=\"column-3\">3<\/td><td class=\"column-4\">3,038<\/td><td class=\"column-5\">72<\/td><td class=\"column-6\">Acero negro y galvanizado<\/td>\n<\/tr>\n<tr class=\"row-34\">\n\t<td class=\"column-1\">60<\/td><td class=\"column-2\">40<\/td><td class=\"column-3\">4<\/td><td class=\"column-4\">3,925<\/td><td class=\"column-5\">72<\/td><td class=\"column-6\">Acero negro<\/td>\n<\/tr>\n<tr class=\"row-35\">\n\t<td class=\"column-1\">70<\/td><td class=\"column-2\">35<\/td><td class=\"column-3\">3<\/td><td class=\"column-4\">3,038<\/td><td class=\"column-5\">72<\/td><td class=\"column-6\">Acero negro y galvanizado<\/td>\n<\/tr>\n<tr class=\"row-36\">\n\t<td class=\"column-1\">80<\/td><td class=\"column-2\">40<\/td><td class=\"column-3\">3<\/td><td class=\"column-4\">3,509<\/td><td class=\"column-5\">60<\/td><td class=\"column-6\">Acero negro y galvanizado<\/td>\n<\/tr>\n<tr class=\"row-37\">\n\t<td class=\"column-1\">80<\/td><td class=\"column-2\">40<\/td><td class=\"column-3\">4<\/td><td class=\"column-4\">4,553<\/td><td class=\"column-5\">60<\/td><td class=\"column-6\">Acero negro<\/td>\n<\/tr>\n<tr class=\"row-38\">\n\t<td class=\"column-1\">90<\/td><td class=\"column-2\">45<\/td><td class=\"column-3\">3<\/td><td class=\"column-4\">3,955<\/td><td class=\"column-5\">48<\/td><td class=\"column-6\">Acero negro<\/td>\n<\/tr>\n<tr class=\"row-39\">\n\t<td class=\"column-1\">100<\/td><td class=\"column-2\">50<\/td><td class=\"column-3\">3<\/td><td class=\"column-4\">4,451<\/td><td class=\"column-5\">40<\/td><td class=\"column-6\">Acero negro y galvanizado<\/td>\n<\/tr>\n<tr class=\"row-40\">\n\t<td class=\"column-1\">100<\/td><td class=\"column-2\">50<\/td><td class=\"column-3\">4<\/td><td class=\"column-4\">5,809<\/td><td class=\"column-5\">40<\/td><td class=\"column-6\">Acero negro<\/td>\n<\/tr>\n<tr class=\"row-41\">\n\t<td class=\"column-1\">120<\/td><td class=\"column-2\">50<\/td><td class=\"column-3\">3<\/td><td class=\"column-4\">4,922<\/td><td class=\"column-5\">30<\/td><td class=\"column-6\">Acero negro y galvanizado<\/td>\n<\/tr>\n<tr class=\"row-42\">\n\t<td class=\"column-1\">120<\/td><td class=\"column-2\">50<\/td><td class=\"column-3\">4<\/td><td class=\"column-4\">6,437<\/td><td class=\"column-5\">30<\/td><td class=\"column-6\">Acero negro<\/td>\n<\/tr>\n<tr class=\"row-43\">\n\t<td class=\"column-1\">120<\/td><td class=\"column-2\">60<\/td><td class=\"column-3\">3<\/td><td class=\"column-4\">5,393<\/td><td class=\"column-5\">30<\/td><td class=\"column-6\">Acero negro<\/td>\n<\/tr>\n<tr class=\"row-44\">\n\t<td class=\"column-1\">120<\/td><td class=\"column-2\">60<\/td><td class=\"column-3\">4<\/td><td class=\"column-4\">7,065<\/td><td class=\"column-5\">30<\/td><td class=\"column-6\">Acero negro<\/td>\n<\/tr>\n<tr class=\"row-45\">\n\t<td class=\"column-1\">140<\/td><td class=\"column-2\">50<\/td><td class=\"column-3\">3<\/td><td class=\"column-4\">5,393<\/td><td class=\"column-5\">30<\/td><td class=\"column-6\">Acero negro<\/td>\n<\/tr>\n<tr class=\"row-46\">\n\t<td class=\"column-1\">140<\/td><td class=\"column-2\">50<\/td><td class=\"column-3\">4<\/td><td class=\"column-4\">7,065<\/td><td class=\"column-5\">30<\/td><td class=\"column-6\">Acero negro<\/td>\n<\/tr>\n<tr class=\"row-47\">\n\t<td class=\"column-1\">140<\/td><td class=\"column-2\">60<\/td><td class=\"column-3\">4<\/td><td class=\"column-4\">7,693<\/td><td class=\"column-5\">30<\/td><td class=\"column-6\">Acero negro<\/td>\n<\/tr>\n<tr class=\"row-48\">\n\t<td class=\"column-1\">150<\/td><td class=\"column-2\">50<\/td><td class=\"column-3\">3<\/td><td class=\"column-4\">5,63<\/td><td class=\"column-5\">30<\/td><td class=\"column-6\">Acero negro<\/td>\n<\/tr>\n<tr class=\"row-49\">\n\t<td class=\"column-1\">160<\/td><td class=\"column-2\">50<\/td><td class=\"column-3\">4<\/td><td class=\"column-4\">7,693<\/td><td class=\"column-5\">30<\/td><td class=\"column-6\">Acero negro<\/td>\n<\/tr>\n<\/tbody>\n<\/table>\n<!-- #tablepress-13 from cache -->\n","protected":false},"featured_media":4038,"template":"","meta":{"_et_pb_use_builder":"off","_et_pb_old_content":"Chapa de cobertura reduzida para o fabrico de portas, cerramentos e revestimentos exteriores e interiores.","_et_gb_content_width":""},"product_brand":[],"product_cat":[87],"product_tag":[],"class_list":{"0":"post-4036","1":"product","2":"type-product","3":"status-publish","4":"has-post-thumbnail","6":"product_cat-perfis-de-aco","8":"first","9":"instock","10":"shipping-taxable","11":"product-type-simple"},"_links":{"self":[{"href":"https:\/\/cierreshogar.com\/pt-pt\/wp-json\/wp\/v2\/product\/4036","targetHints":{"allow":["GET"]}}],"collection":[{"href":"https:\/\/cierreshogar.com\/pt-pt\/wp-json\/wp\/v2\/product"}],"about":[{"href":"https:\/\/cierreshogar.com\/pt-pt\/wp-json\/wp\/v2\/types\/product"}],"wp:featuredmedia":[{"embeddable":true,"href":"https:\/\/cierreshogar.com\/pt-pt\/wp-json\/wp\/v2\/media\/4038"}],"wp:attachment":[{"href":"https:\/\/cierreshogar.com\/pt-pt\/wp-json\/wp\/v2\/media?parent=4036"}],"wp:term":[{"taxonomy":"product_brand","embeddable":true,"href":"https:\/\/cierreshogar.com\/pt-pt\/wp-json\/wp\/v2\/product_brand?post=4036"},{"taxonomy":"product_cat","embeddable":true,"href":"https:\/\/cierreshogar.com\/pt-pt\/wp-json\/wp\/v2\/product_cat?post=4036"},{"taxonomy":"product_tag","embeddable":true,"href":"https:\/\/cierreshogar.com\/pt-pt\/wp-json\/wp\/v2\/product_tag?post=4036"}],"curies":[{"name":"wp","href":"https:\/\/api.w.org\/{rel}","templated":true}]}}