{"id":4039,"date":"2020-11-16T06:51:51","date_gmt":"2020-11-16T04:51:51","guid":{"rendered":"https:\/\/cierreshogar.com\/cerramientos\/perfil-bite-tra2\/"},"modified":"2021-07-01T12:02:49","modified_gmt":"2021-07-01T10:02:49","slug":"perfil-bite-tra2","status":"publish","type":"product","link":"https:\/\/cierreshogar.com\/pt-pt\/cerramientos\/perfil-bite-tra2\/","title":{"rendered":"PERFIL BITE TRA2"},"content":{"rendered":"<p><strong>O<\/strong> <strong>perfil<\/strong><strong> bite tra <\/strong><strong>2<\/strong> \u00e9 utilizado para fixar o vidro nas marcenarias met\u00e1licas (janelas e portas). O bite tra 2 \u00e9 instalado grampeando-o na parte interior do quadro, em todo o seu per\u00edmetro, ajustado \u00e0 largura do vidro.<\/p>\n<p>Fabricamos bite tra 2 de <strong>a\u00e7o<\/strong> <strong>laminado a frio<\/strong> <strong>nas<\/strong> <strong>medidas<\/strong> <strong>de<\/strong> <strong>1<\/strong><strong>0x12x0<\/strong><strong>,<\/strong><strong>8<\/strong> <strong>e<\/strong> <strong>1<\/strong><strong>0x15x0<\/strong><strong>,<\/strong><strong>8<\/strong><strong>mm <\/strong><strong>e<\/strong> <strong>de<\/strong> <strong>a\u00e7o<\/strong> <strong>galvanizado<\/strong> <strong>nas<\/strong> <strong>medidas<\/strong> <strong>de<\/strong> <strong>1<\/strong><strong>0x12x0<\/strong><strong>,<\/strong><strong>8<\/strong><strong>mm<\/strong><strong>.<\/strong><\/p>\n","protected":false},"excerpt":{"rendered":"\n<table id=\"tablepress-12\" class=\"tablepress tablepress-id-12\">\n<thead>\n<tr class=\"row-1\">\n\t<th class=\"column-1\">A (mm) <\/th><th class=\"column-2\">Peso (Kg\/m)<\/th><th class=\"column-3\">Acabado<\/th>\n<\/tr>\n<\/thead>\n<tbody class=\"row-striping row-hover\">\n<tr class=\"row-2\">\n\t<td class=\"column-1\">10<\/td><td class=\"column-2\">0,210<\/td><td class=\"column-3\">Acero Galva y laminado en fr\u00edo<\/td>\n<\/tr>\n<tr class=\"row-3\">\n\t<td class=\"column-1\">15<\/td><td class=\"column-2\">0,270<\/td><td class=\"column-3\">Acero laminado en fr\u00edo<\/td>\n<\/tr>\n<\/tbody>\n<\/table>\n<!-- #tablepress-12 from cache -->\n","protected":false},"featured_media":4050,"template":"","meta":{"_et_pb_use_builder":"off","_et_pb_old_content":"Chapa de cobertura reduzida para o fabrico de portas, cerramentos e revestimentos exteriores e interiores.","_et_gb_content_width":""},"product_brand":[],"product_cat":[87],"product_tag":[],"class_list":{"0":"post-4039","1":"product","2":"type-product","3":"status-publish","4":"has-post-thumbnail","6":"product_cat-perfis-de-aco","8":"first","9":"instock","10":"shipping-taxable","11":"product-type-simple"},"_links":{"self":[{"href":"https:\/\/cierreshogar.com\/pt-pt\/wp-json\/wp\/v2\/product\/4039","targetHints":{"allow":["GET"]}}],"collection":[{"href":"https:\/\/cierreshogar.com\/pt-pt\/wp-json\/wp\/v2\/product"}],"about":[{"href":"https:\/\/cierreshogar.com\/pt-pt\/wp-json\/wp\/v2\/types\/product"}],"wp:featuredmedia":[{"embeddable":true,"href":"https:\/\/cierreshogar.com\/pt-pt\/wp-json\/wp\/v2\/media\/4050"}],"wp:attachment":[{"href":"https:\/\/cierreshogar.com\/pt-pt\/wp-json\/wp\/v2\/media?parent=4039"}],"wp:term":[{"taxonomy":"product_brand","embeddable":true,"href":"https:\/\/cierreshogar.com\/pt-pt\/wp-json\/wp\/v2\/product_brand?post=4039"},{"taxonomy":"product_cat","embeddable":true,"href":"https:\/\/cierreshogar.com\/pt-pt\/wp-json\/wp\/v2\/product_cat?post=4039"},{"taxonomy":"product_tag","embeddable":true,"href":"https:\/\/cierreshogar.com\/pt-pt\/wp-json\/wp\/v2\/product_tag?post=4039"}],"curies":[{"name":"wp","href":"https:\/\/api.w.org\/{rel}","templated":true}]}}