{"id":4054,"date":"2020-11-16T04:59:51","date_gmt":"2020-11-16T02:59:51","guid":{"rendered":"https:\/\/cierreshogar.com\/cerramientos\/perfil-estufa\/"},"modified":"2021-07-01T12:04:10","modified_gmt":"2021-07-01T10:04:10","slug":"perfil-estufa","status":"publish","type":"product","link":"https:\/\/cierreshogar.com\/pt-pt\/cerramientos\/perfil-estufa\/","title":{"rendered":"PERFIL ESTUFA"},"content":{"rendered":"<p>O <strong>perfil<\/strong> <strong>estufa<\/strong> <strong>\u00e9<\/strong> <strong>um<\/strong> <strong>perfil<\/strong> \u00f3mega adaptado como fixa\u00e7\u00e3o do pl\u00e1stico, tela ou malha que cobre as estufas.<\/p>\n<p>Na sua abertura, com o colar ligeiramente acentuado, aprisiona-se a tela ou pl\u00e1stico da estufa mediante uma ripa de polietileno, deixando-a perfeitamente fechada. Ao mesmo tempo, gra\u00e7as \u00e0 sua resist\u00eancia, <strong>o<\/strong> <strong>perfil<\/strong> <strong>\u00f3mega<\/strong> <strong>contribui para refor\u00e7ar<\/strong> <strong>a<\/strong> <strong>estrutura<\/strong> <strong>da<\/strong> <strong>estufa<\/strong> <strong>no seu<\/strong> <strong>conjunto<\/strong>.<\/p>\n<p>Fabricamos perfil de estufa em 1,5 e 2mm de espessura.<\/p>\n","protected":false},"excerpt":{"rendered":"\n<table id=\"tablepress-10\" class=\"tablepress tablepress-id-10\">\n<thead>\n<tr class=\"row-1\">\n\t<th class=\"column-1\">A (mm) <\/th><th class=\"column-2\">B (mm) <\/th><th class=\"column-3\">C (mm) <\/th><th class=\"column-4\">e (mm) <\/th><th class=\"column-5\">Acabado<\/th>\n<\/tr>\n<\/thead>\n<tbody class=\"row-striping row-hover\">\n<tr class=\"row-2\">\n\t<td class=\"column-1\">25<\/td><td class=\"column-2\">40<\/td><td class=\"column-3\">25<\/td><td class=\"column-4\">1,5-2<\/td><td class=\"column-5\"> Acero Galvanizado<\/td>\n<\/tr>\n<tr class=\"row-3\">\n\t<td class=\"column-1\">25-50*<\/td><td class=\"column-2\">40<\/td><td class=\"column-3\">\u226425<\/td><td class=\"column-4\">1,5-2,5<\/td><td class=\"column-5\">Acero Galvanizado, Decapado e Inox <\/td>\n<\/tr>\n<\/tbody>\n<\/table>\n<!-- #tablepress-10 from cache -->\n","protected":false},"featured_media":4056,"template":"","meta":{"_et_pb_use_builder":"off","_et_pb_old_content":"Chapa de cobertura reduzida para o fabrico de portas, cerramentos e revestimentos exteriores e interiores.","_et_gb_content_width":""},"product_brand":[],"product_cat":[87],"product_tag":[],"class_list":{"0":"post-4054","1":"product","2":"type-product","3":"status-publish","4":"has-post-thumbnail","6":"product_cat-perfis-de-aco","8":"first","9":"instock","10":"shipping-taxable","11":"product-type-simple"},"_links":{"self":[{"href":"https:\/\/cierreshogar.com\/pt-pt\/wp-json\/wp\/v2\/product\/4054","targetHints":{"allow":["GET"]}}],"collection":[{"href":"https:\/\/cierreshogar.com\/pt-pt\/wp-json\/wp\/v2\/product"}],"about":[{"href":"https:\/\/cierreshogar.com\/pt-pt\/wp-json\/wp\/v2\/types\/product"}],"wp:featuredmedia":[{"embeddable":true,"href":"https:\/\/cierreshogar.com\/pt-pt\/wp-json\/wp\/v2\/media\/4056"}],"wp:attachment":[{"href":"https:\/\/cierreshogar.com\/pt-pt\/wp-json\/wp\/v2\/media?parent=4054"}],"wp:term":[{"taxonomy":"product_brand","embeddable":true,"href":"https:\/\/cierreshogar.com\/pt-pt\/wp-json\/wp\/v2\/product_brand?post=4054"},{"taxonomy":"product_cat","embeddable":true,"href":"https:\/\/cierreshogar.com\/pt-pt\/wp-json\/wp\/v2\/product_cat?post=4054"},{"taxonomy":"product_tag","embeddable":true,"href":"https:\/\/cierreshogar.com\/pt-pt\/wp-json\/wp\/v2\/product_tag?post=4054"}],"curies":[{"name":"wp","href":"https:\/\/api.w.org\/{rel}","templated":true}]}}