{"id":4057,"date":"2020-11-16T03:30:00","date_gmt":"2020-11-16T01:30:00","guid":{"rendered":"https:\/\/cierreshogar.com\/cerramientos\/perfil-h\/"},"modified":"2021-07-01T12:04:43","modified_gmt":"2021-07-01T10:04:43","slug":"perfil-h","status":"publish","type":"product","link":"https:\/\/cierreshogar.com\/pt-pt\/cerramientos\/perfil-h\/","title":{"rendered":"PERFIL &#8220;H&#8221;"},"content":{"rendered":"<p>O nosso <strong>perfil<\/strong> <strong>H<\/strong> em <strong>a\u00e7o<\/strong> <strong>galvanizado<\/strong> de 1mm de espessura est\u00e1 idealizado especificamente como junta de oculta\u00e7\u00e3o vertical das uni\u00f5es dos nossos Pain\u00e9is Aluacero.<\/p>\n<p>Gra\u00e7as \u00e0 sua dupla entrada, \u00e9 igualmente utilizado como <strong>endurecedor<\/strong> <strong>para<\/strong> <strong>pain\u00e9is<\/strong> <strong>de<\/strong> <strong>todo o tipo<\/strong> <strong>em<\/strong> <strong>instala\u00e7\u00f5es<\/strong> <strong>ou<\/strong> <strong>constru\u00e7\u00f5es<\/strong> <strong>com<\/strong> <strong>outros<\/strong> <strong>materiais<\/strong> <strong>como<\/strong> <strong>gesso<\/strong> <strong>ou<\/strong> <strong>madeira<\/strong>.<\/p>\n","protected":false},"excerpt":{"rendered":"\n<table id=\"tablepress-8\" class=\"tablepress tablepress-id-8\">\n<thead>\n<tr class=\"row-1\">\n\t<th class=\"column-1\">Espesor (mm) <\/th><th class=\"column-2\">Peso (Kg\/m)<\/th><th class=\"column-3\">Acabado<\/th>\n<\/tr>\n<\/thead>\n<tbody class=\"row-striping row-hover\">\n<tr class=\"row-2\">\n\t<td class=\"column-1\">1<\/td><td class=\"column-2\">1,610<\/td><td class=\"column-3\">Acero Galvanizado<br \/>\n<\/td>\n<\/tr>\n<\/tbody>\n<\/table>\n<!-- #tablepress-8 from cache -->\n","protected":false},"featured_media":4059,"template":"","meta":{"_et_pb_use_builder":"off","_et_pb_old_content":"Chapa de cobertura reduzida para o fabrico de portas, cerramentos e revestimentos exteriores e interiores.","_et_gb_content_width":""},"product_brand":[],"product_cat":[87],"product_tag":[],"class_list":{"0":"post-4057","1":"product","2":"type-product","3":"status-publish","4":"has-post-thumbnail","6":"product_cat-perfis-de-aco","8":"first","9":"instock","10":"shipping-taxable","11":"product-type-simple"},"_links":{"self":[{"href":"https:\/\/cierreshogar.com\/pt-pt\/wp-json\/wp\/v2\/product\/4057","targetHints":{"allow":["GET"]}}],"collection":[{"href":"https:\/\/cierreshogar.com\/pt-pt\/wp-json\/wp\/v2\/product"}],"about":[{"href":"https:\/\/cierreshogar.com\/pt-pt\/wp-json\/wp\/v2\/types\/product"}],"wp:featuredmedia":[{"embeddable":true,"href":"https:\/\/cierreshogar.com\/pt-pt\/wp-json\/wp\/v2\/media\/4059"}],"wp:attachment":[{"href":"https:\/\/cierreshogar.com\/pt-pt\/wp-json\/wp\/v2\/media?parent=4057"}],"wp:term":[{"taxonomy":"product_brand","embeddable":true,"href":"https:\/\/cierreshogar.com\/pt-pt\/wp-json\/wp\/v2\/product_brand?post=4057"},{"taxonomy":"product_cat","embeddable":true,"href":"https:\/\/cierreshogar.com\/pt-pt\/wp-json\/wp\/v2\/product_cat?post=4057"},{"taxonomy":"product_tag","embeddable":true,"href":"https:\/\/cierreshogar.com\/pt-pt\/wp-json\/wp\/v2\/product_tag?post=4057"}],"curies":[{"name":"wp","href":"https:\/\/api.w.org\/{rel}","templated":true}]}}