{"id":4060,"date":"2020-11-16T02:14:48","date_gmt":"2020-11-16T00:14:48","guid":{"rendered":"https:\/\/cierreshogar.com\/cerramientos\/perfil-tubo-aberto\/"},"modified":"2021-07-01T12:05:19","modified_gmt":"2021-07-01T10:05:19","slug":"perfil-tubo-aberto","status":"publish","type":"product","link":"https:\/\/cierreshogar.com\/pt-pt\/cerramientos\/perfil-tubo-aberto\/","title":{"rendered":"PERFIL TUBO ABERTO"},"content":{"rendered":"<p><strong>Perfil<\/strong><strong> tubular <\/strong><strong>e<\/strong> <strong>quadrangular<\/strong> <strong>aberto<\/strong>, com diversas aplica\u00e7\u00f5es estruturais como sarrafo, carril, quadro, fabrico de estantes, carro\u00e7arias, mobili\u00e1rio, e constru\u00e7\u00f5es e estruturas met\u00e1licas em geral.<\/p>\n<p>Fabricamos v\u00e1rias medidas de <strong>tubo<\/strong> <strong>aberto<\/strong> <strong>em<\/strong> <strong>a\u00e7o<\/strong> <strong>galvanizado<\/strong> <strong>ou<\/strong> <strong>laminado a frio<\/strong> de 1,5 a 3mm de espessura.<\/p>\n","protected":false},"excerpt":{"rendered":"\n<table id=\"tablepress-7\" class=\"tablepress tablepress-id-7\">\n<thead>\n<tr class=\"row-1\">\n\t<th class=\"column-1\">A (mm) <\/th><th class=\"column-2\">B (mm) <\/th><th class=\"column-3\">C (mm) <\/th><th class=\"column-4\">e (mm) <\/th><th class=\"column-5\">Acabado<\/th>\n<\/tr>\n<\/thead>\n<tbody class=\"row-striping row-hover\">\n<tr class=\"row-2\">\n\t<td class=\"column-1\">30<\/td><td class=\"column-2\">30<\/td><td class=\"column-3\">9,5<\/td><td class=\"column-4\">1,5\/2<\/td><td class=\"column-5\">Acero Galva y Decapado <\/td>\n<\/tr>\n<tr class=\"row-3\">\n\t<td class=\"column-1\">30<\/td><td class=\"column-2\">50<\/td><td class=\"column-3\">15<\/td><td class=\"column-4\">3<\/td><td class=\"column-5\">Acero Galva y Decapado <\/td>\n<\/tr>\n<tr class=\"row-4\">\n\t<td class=\"column-1\">50<\/td><td class=\"column-2\">120<\/td><td class=\"column-3\">15<\/td><td class=\"column-4\">3<\/td><td class=\"column-5\">Acero Galva y Decapado <\/td>\n<\/tr>\n<tr class=\"row-5\">\n\t<td class=\"column-1\">50-80<\/td><td class=\"column-2\">140-300*<\/td><td class=\"column-3\">8-20*<\/td><td class=\"column-4\">1,5-3*<\/td><td class=\"column-5\">Acero Galva y Decapado <\/td>\n<\/tr>\n<\/tbody>\n<\/table>\n<!-- #tablepress-7 from cache -->\n","protected":false},"featured_media":4064,"template":"","meta":{"_et_pb_use_builder":"off","_et_pb_old_content":"","_et_gb_content_width":""},"product_brand":[],"product_cat":[87],"product_tag":[],"class_list":{"0":"post-4060","1":"product","2":"type-product","3":"status-publish","4":"has-post-thumbnail","6":"product_cat-perfis-de-aco","8":"first","9":"instock","10":"shipping-taxable","11":"product-type-simple"},"_links":{"self":[{"href":"https:\/\/cierreshogar.com\/pt-pt\/wp-json\/wp\/v2\/product\/4060","targetHints":{"allow":["GET"]}}],"collection":[{"href":"https:\/\/cierreshogar.com\/pt-pt\/wp-json\/wp\/v2\/product"}],"about":[{"href":"https:\/\/cierreshogar.com\/pt-pt\/wp-json\/wp\/v2\/types\/product"}],"wp:featuredmedia":[{"embeddable":true,"href":"https:\/\/cierreshogar.com\/pt-pt\/wp-json\/wp\/v2\/media\/4064"}],"wp:attachment":[{"href":"https:\/\/cierreshogar.com\/pt-pt\/wp-json\/wp\/v2\/media?parent=4060"}],"wp:term":[{"taxonomy":"product_brand","embeddable":true,"href":"https:\/\/cierreshogar.com\/pt-pt\/wp-json\/wp\/v2\/product_brand?post=4060"},{"taxonomy":"product_cat","embeddable":true,"href":"https:\/\/cierreshogar.com\/pt-pt\/wp-json\/wp\/v2\/product_cat?post=4060"},{"taxonomy":"product_tag","embeddable":true,"href":"https:\/\/cierreshogar.com\/pt-pt\/wp-json\/wp\/v2\/product_tag?post=4060"}],"curies":[{"name":"wp","href":"https:\/\/api.w.org\/{rel}","templated":true}]}}