{"id":4065,"date":"2020-11-16T01:24:12","date_gmt":"2020-11-15T23:24:12","guid":{"rendered":"https:\/\/cierreshogar.com\/cerramientos\/perfil-omega\/"},"modified":"2021-07-01T12:05:59","modified_gmt":"2021-07-01T10:05:59","slug":"perfil-omega","status":"publish","type":"product","link":"https:\/\/cierreshogar.com\/pt-pt\/cerramientos\/perfil-omega\/","title":{"rendered":"PERFIL \u00d3MEGA"},"content":{"rendered":"<p><strong>O<\/strong> <strong>perfil<\/strong> <strong>\u00f3mega<\/strong> <strong>\u00e9<\/strong> <strong>utilizado<\/strong> <strong>como<\/strong> <strong>sarrafo<\/strong> <strong>ou<\/strong> <strong>elemento<\/strong> <strong>autossustentado<\/strong> <strong>de<\/strong> <strong>separa\u00e7\u00e3o<\/strong> <strong>entre a<\/strong> <strong>fachada<\/strong> <strong>e<\/strong><strong> o <\/strong><strong>revestimento<\/strong>. Tamb\u00e9m \u00e9 usado como separador em coberturas e tetos.<\/p>\n<p>Outras aplica\u00e7\u00f5es incluem o fabrico de estufas, estantes met\u00e1licas ou mobili\u00e1rio met\u00e1lico.<\/p>\n<p>Fabricamos <strong>perfis<\/strong> <strong>\u00f3mega<\/strong> <strong>de<\/strong> <strong>1<\/strong><strong>,<\/strong><strong>5<\/strong> <strong>e<\/strong> <strong>2<\/strong><strong>mm <\/strong><strong>de<\/strong> <strong>espessura<\/strong> <strong>em<\/strong> <strong>a\u00e7o<\/strong> <strong>galvanizado<\/strong>, mas podemos adaptar-nos a outros requisitos quanto a espessura e acabamento.<\/p>\n","protected":false},"excerpt":{"rendered":"\n<table id=\"tablepress-6\" class=\"tablepress tablepress-id-6\">\n<thead>\n<tr class=\"row-1\">\n\t<th class=\"column-1\">A (mm) <\/th><th class=\"column-2\">B (mm) <\/th><th class=\"column-3\">C (mm) <\/th><th class=\"column-4\">e (mm) <\/th><th class=\"column-5\">Acabado<\/th>\n<\/tr>\n<\/thead>\n<tbody class=\"row-striping row-hover\">\n<tr class=\"row-2\">\n\t<td class=\"column-1\">30<\/td><td class=\"column-2\">40<\/td><td class=\"column-3\">20<\/td><td class=\"column-4\">1,5<\/td><td class=\"column-5\">Acero galvanizado<\/td>\n<\/tr>\n<tr class=\"row-3\">\n\t<td class=\"column-1\">30<\/td><td class=\"column-2\">40<\/td><td class=\"column-3\">20<\/td><td class=\"column-4\">2<\/td><td class=\"column-5\">Acero galvanizado<\/td>\n<\/tr>\n<tr class=\"row-4\">\n\t<td class=\"column-1\">30<\/td><td class=\"column-2\">60<\/td><td class=\"column-3\">20<\/td><td class=\"column-4\">2<\/td><td class=\"column-5\">Acero galvanizado<\/td>\n<\/tr>\n<tr class=\"row-5\">\n\t<td class=\"column-1\">25-80<\/td><td class=\"column-2\">25\/30\/40<\/td><td class=\"column-3\">15<\/td><td class=\"column-4\">1,5-2<\/td><td class=\"column-5\">Acero Galvanizado, Decapado e Inox<\/td>\n<\/tr>\n<tr class=\"row-6\">\n\t<td class=\"column-1\">25-70<\/td><td class=\"column-2\">25\/30\/40\/50<\/td><td class=\"column-3\">15<\/td><td class=\"column-4\">1,5-2<\/td><td class=\"column-5\">Acero Galvanizado, Decapado e Inox<\/td>\n<\/tr>\n<tr class=\"row-7\">\n\t<td class=\"column-1\">25-60<\/td><td class=\"column-2\">25\/30\/40\/50<\/td><td class=\"column-3\">\u226420<\/td><td class=\"column-4\">1,5-2<\/td><td class=\"column-5\">Acero Galvanizado, Decapado e Inox<\/td>\n<\/tr>\n<tr class=\"row-8\">\n\t<td class=\"column-1\">25-50<\/td><td class=\"column-2\">20\/30\/40\/50\/60<\/td><td class=\"column-3\">\u226425<\/td><td class=\"column-4\">1,5-2<\/td><td class=\"column-5\">Acero Galvanizado, Decapado e Inox<\/td>\n<\/tr>\n<\/tbody>\n<\/table>\n<!-- #tablepress-6 from cache -->\n","protected":false},"featured_media":4067,"template":"","meta":{"_et_pb_use_builder":"off","_et_pb_old_content":"<strong>O<\/strong> <strong>perfil<\/strong> <strong>\u00f3mega<\/strong> <strong>\u00e9<\/strong> <strong>utilizado<\/strong> <strong>como<\/strong> <strong>sarrafo<\/strong> <strong>ou<\/strong> <strong>elemento<\/strong> <strong>autossustentado<\/strong> <strong>de<\/strong> <strong>separa\u00e7\u00e3o<\/strong> <strong>entre a<\/strong> <strong>fachada<\/strong> <strong>e<\/strong><strong> o <\/strong><strong>revestimento<\/strong>. Tamb\u00e9m \u00e9 usado como separador em coberturas e tetos.\r\n\r\nOutras aplica\u00e7\u00f5es incluem o fabrico de estufas, estantes met\u00e1licas ou mobili\u00e1rio met\u00e1lico.\r\n\r\nFabricamos <strong>perfis<\/strong> <strong>\u00f3mega<\/strong> <strong>de<\/strong> <strong>1<\/strong><strong>,<\/strong><strong>5<\/strong> <strong>e<\/strong> <strong>2<\/strong><strong>mm <\/strong><strong>de<\/strong> <strong>espessura<\/strong> <strong>em<\/strong> <strong>a\u00e7o<\/strong> <strong>galvanizado<\/strong>, mas podemos adaptar-nos a outros requisitos quanto a espessura e acabamento.","_et_gb_content_width":""},"product_brand":[],"product_cat":[87],"product_tag":[],"class_list":{"0":"post-4065","1":"product","2":"type-product","3":"status-publish","4":"has-post-thumbnail","6":"product_cat-perfis-de-aco","8":"first","9":"instock","10":"shipping-taxable","11":"product-type-simple"},"_links":{"self":[{"href":"https:\/\/cierreshogar.com\/pt-pt\/wp-json\/wp\/v2\/product\/4065","targetHints":{"allow":["GET"]}}],"collection":[{"href":"https:\/\/cierreshogar.com\/pt-pt\/wp-json\/wp\/v2\/product"}],"about":[{"href":"https:\/\/cierreshogar.com\/pt-pt\/wp-json\/wp\/v2\/types\/product"}],"wp:featuredmedia":[{"embeddable":true,"href":"https:\/\/cierreshogar.com\/pt-pt\/wp-json\/wp\/v2\/media\/4067"}],"wp:attachment":[{"href":"https:\/\/cierreshogar.com\/pt-pt\/wp-json\/wp\/v2\/media?parent=4065"}],"wp:term":[{"taxonomy":"product_brand","embeddable":true,"href":"https:\/\/cierreshogar.com\/pt-pt\/wp-json\/wp\/v2\/product_brand?post=4065"},{"taxonomy":"product_cat","embeddable":true,"href":"https:\/\/cierreshogar.com\/pt-pt\/wp-json\/wp\/v2\/product_cat?post=4065"},{"taxonomy":"product_tag","embeddable":true,"href":"https:\/\/cierreshogar.com\/pt-pt\/wp-json\/wp\/v2\/product_tag?post=4065"}],"curies":[{"name":"wp","href":"https:\/\/api.w.org\/{rel}","templated":true}]}}