{"id":4077,"date":"2020-11-19T12:04:05","date_gmt":"2020-11-19T10:04:05","guid":{"rendered":"https:\/\/cierreshogar.com\/cerramientos\/chapa-pegaso\/"},"modified":"2021-07-01T11:55:24","modified_gmt":"2021-07-01T09:55:24","slug":"chapa-pegaso","status":"publish","type":"product","link":"https:\/\/cierreshogar.com\/pt-pt\/cerramientos\/chapa-pegaso\/","title":{"rendered":"CHAPA P\u00c9GASO"},"content":{"rendered":"<p>A <strong>Chapa<\/strong> <strong>P\u00e9gaso<\/strong> <strong>\u00e9<\/strong> <strong>uma<\/strong> <strong>chapa<\/strong> <strong>ondulada<\/strong><strong> multiusos<\/strong> de excelente resist\u00eancia mec\u00e2nica, gra\u00e7as \u00e0s suas dobras e \u00e0 sua espessura.<\/p>\n<p><strong>Fabricada<\/strong> <strong>em<\/strong> <strong>a\u00e7o<\/strong> <strong>galvanizado<\/strong> (0,8 e 1 mm) e em a\u00e7o laminado a frio (1 mm), trata-se de uma chapa sold\u00e1vel apropriada para usos m\u00faltiplos, como o fabrico de portas, casinhas de obras para jardim, fechos e outros elementos.<\/p>\n<p>A Chapa P\u00e9gaso \u00e9 fabricada em larguras de 1000 ou de 500 mm para proporcionar a maior cobertura.<\/p>\n","protected":false},"excerpt":{"rendered":"\n<table id=\"tablepress-3\" class=\"tablepress tablepress-id-3\">\n<thead>\n<tr class=\"row-1\">\n\t<th class=\"column-1\">Formato (mm)<\/th><th class=\"column-2\">Espesor (mm)<\/th><th class=\"column-3\">Peso (Kg\/m)<\/th><th class=\"column-4\">Acabado<\/th>\n<\/tr>\n<\/thead>\n<tbody class=\"row-striping row-hover\">\n<tr class=\"row-2\">\n\t<td class=\"column-1\">1000<\/td><td class=\"column-2\">1<\/td><td class=\"column-3\">9,300<\/td><td class=\"column-4\">Acero laminado en fr\u00edo y galvanizado<\/td>\n<\/tr>\n<tr class=\"row-3\">\n\t<td class=\"column-1\">1000<\/td><td class=\"column-2\">0,8<\/td><td class=\"column-3\">7,500<\/td><td class=\"column-4\">Acero galvanizado<\/td>\n<\/tr>\n<tr class=\"row-4\">\n\t<td class=\"column-1\">500<\/td><td class=\"column-2\">1<\/td><td class=\"column-3\">4,83<\/td><td class=\"column-4\">Acero laminado en fr\u00edo y galvanizado<\/td>\n<\/tr>\n<\/tbody>\n<\/table>\n<!-- #tablepress-3 from cache -->\n","protected":false},"featured_media":4082,"template":"","meta":{"_et_pb_use_builder":"off","_et_pb_old_content":"Chapa multiusos de vasta cobertura (dois formatos, 1000mm e 500mm), sold\u00e1vel e muito resistente.","_et_gb_content_width":""},"product_brand":[],"product_cat":[88,84],"product_tag":[],"class_list":{"0":"post-4077","1":"product","2":"type-product","3":"status-publish","4":"has-post-thumbnail","6":"product_cat-chapas-onduladas","7":"product_cat-portas-e-guias","9":"first","10":"instock","11":"shipping-taxable","12":"product-type-simple"},"_links":{"self":[{"href":"https:\/\/cierreshogar.com\/pt-pt\/wp-json\/wp\/v2\/product\/4077","targetHints":{"allow":["GET"]}}],"collection":[{"href":"https:\/\/cierreshogar.com\/pt-pt\/wp-json\/wp\/v2\/product"}],"about":[{"href":"https:\/\/cierreshogar.com\/pt-pt\/wp-json\/wp\/v2\/types\/product"}],"wp:featuredmedia":[{"embeddable":true,"href":"https:\/\/cierreshogar.com\/pt-pt\/wp-json\/wp\/v2\/media\/4082"}],"wp:attachment":[{"href":"https:\/\/cierreshogar.com\/pt-pt\/wp-json\/wp\/v2\/media?parent=4077"}],"wp:term":[{"taxonomy":"product_brand","embeddable":true,"href":"https:\/\/cierreshogar.com\/pt-pt\/wp-json\/wp\/v2\/product_brand?post=4077"},{"taxonomy":"product_cat","embeddable":true,"href":"https:\/\/cierreshogar.com\/pt-pt\/wp-json\/wp\/v2\/product_cat?post=4077"},{"taxonomy":"product_tag","embeddable":true,"href":"https:\/\/cierreshogar.com\/pt-pt\/wp-json\/wp\/v2\/product_tag?post=4077"}],"curies":[{"name":"wp","href":"https:\/\/api.w.org\/{rel}","templated":true}]}}