{"id":4083,"date":"2020-11-19T10:33:58","date_gmt":"2020-11-19T08:33:58","guid":{"rendered":"https:\/\/cierreshogar.com\/cerramientos\/chapa-p-b-890\/"},"modified":"2021-07-01T11:59:03","modified_gmt":"2021-07-01T09:59:03","slug":"chapa-p-b-890","status":"publish","type":"product","link":"https:\/\/cierreshogar.com\/pt-pt\/cerramientos\/chapa-p-b-890\/","title":{"rendered":"CHAPA P.B. 890"},"content":{"rendered":"<p>Na <strong>Cierres del Hogar fabricamos diferentes modelos de chapas onduladas<\/strong> concebidas para uma utiliza\u00e7\u00e3o multiusos, como material de revestimento de longa dura\u00e7\u00e3o, garantia e qualidade.<\/p>\n<p>A <strong>chapa P.B. 8<\/strong><strong>90<\/strong> apresenta uma vasta cobertura para o fabrico de portas, cerramentos e revestimentos exteriores e interiores.<\/p>\n<p>Dispon\u00edvel em <strong>formato cego ou microperfurado<\/strong>, e em <strong>diferentes lacagens<\/strong>, de entre as quais se destaca o novo acabamento madeira, texturizado e de alta resist\u00eancia.<\/p>\n","protected":false},"excerpt":{"rendered":"\n<table id=\"tablepress-1\" class=\"tablepress tablepress-id-1\">\n<thead>\n<tr class=\"row-1\">\n\t<th class=\"column-1\">Espesor (mm)<\/th><th class=\"column-2\">Peso (Kg\/m)<\/th><th class=\"column-3\">Acabado<\/th>\n<\/tr>\n<\/thead>\n<tbody class=\"row-striping row-hover\">\n<tr class=\"row-2\">\n\t<td class=\"column-1\">0,6<\/td><td class=\"column-2\">Ciega:4,820<\/td><td class=\"column-3\">Acero galvanizado,  Acero prelacado.<br \/>\nPrelacados: Madera, Blanco-1006 1 y 2 caras, Arena- 2000, Gris-5001, Verde-3000 1 y 2 caras, Rojo-7004, Tabaco-2005, Azul-4000,<br \/>\nSilver Metalic \u2013 9006 (otros colores bajo pedido)<\/td>\n<\/tr>\n<tr class=\"row-3\">\n\t<td class=\"column-1\">0,7<\/td><td class=\"column-2\">Ciega: 5,471<\/td><td class=\"column-3\">Acero laminado en fr\u00edo, galvanizado e inoxidable<\/td>\n<\/tr>\n<tr class=\"row-4\">\n\t<td class=\"column-1\">0,7<\/td><td class=\"column-2\">Microperforada: 4,300<\/td><td class=\"column-3\">Acero galvanizado<\/td>\n<\/tr>\n<tr class=\"row-5\">\n\t<td class=\"column-1\">1,0<\/td><td class=\"column-2\">Multiperforada: 1,842<br \/>\nCiego: 2,730<\/td><td class=\"column-3\">Aluminio<\/td>\n<\/tr>\n<\/tbody>\n<\/table>\n<!-- #tablepress-1 from cache -->\n","protected":false},"featured_media":4087,"template":"","meta":{"_et_pb_use_builder":"off","_et_pb_old_content":"Na <strong>Cierres del Hogar fabricamos diferentes modelos de chapas onduladas<\/strong> concebidas para uma utiliza\u00e7\u00e3o multiusos, como material de revestimento de longa dura\u00e7\u00e3o, garantia e qualidade.\r\n\r\nA <strong>chapa P.B. 8<\/strong><strong>90<\/strong> apresenta uma vasta cobertura para o fabrico de portas, cerramentos e revestimentos exteriores e interiores.\r\n\r\nDispon\u00edvel em <strong>formato cego ou microperfurado<\/strong>, e em <strong>diferentes lacagens<\/strong>, de entre as quais se destaca o novo acabamento madeira, texturizado e de alta resist\u00eancia.","_et_gb_content_width":""},"product_brand":[],"product_cat":[88,84],"product_tag":[],"class_list":{"0":"post-4083","1":"product","2":"type-product","3":"status-publish","4":"has-post-thumbnail","6":"product_cat-chapas-onduladas","7":"product_cat-portas-e-guias","9":"first","10":"instock","11":"shipping-taxable","12":"product-type-simple"},"_links":{"self":[{"href":"https:\/\/cierreshogar.com\/pt-pt\/wp-json\/wp\/v2\/product\/4083","targetHints":{"allow":["GET"]}}],"collection":[{"href":"https:\/\/cierreshogar.com\/pt-pt\/wp-json\/wp\/v2\/product"}],"about":[{"href":"https:\/\/cierreshogar.com\/pt-pt\/wp-json\/wp\/v2\/types\/product"}],"wp:featuredmedia":[{"embeddable":true,"href":"https:\/\/cierreshogar.com\/pt-pt\/wp-json\/wp\/v2\/media\/4087"}],"wp:attachment":[{"href":"https:\/\/cierreshogar.com\/pt-pt\/wp-json\/wp\/v2\/media?parent=4083"}],"wp:term":[{"taxonomy":"product_brand","embeddable":true,"href":"https:\/\/cierreshogar.com\/pt-pt\/wp-json\/wp\/v2\/product_brand?post=4083"},{"taxonomy":"product_cat","embeddable":true,"href":"https:\/\/cierreshogar.com\/pt-pt\/wp-json\/wp\/v2\/product_cat?post=4083"},{"taxonomy":"product_tag","embeddable":true,"href":"https:\/\/cierreshogar.com\/pt-pt\/wp-json\/wp\/v2\/product_tag?post=4083"}],"curies":[{"name":"wp","href":"https:\/\/api.w.org\/{rel}","templated":true}]}}