{"id":4088,"date":"2020-11-19T11:12:44","date_gmt":"2020-11-19T09:12:44","guid":{"rendered":"https:\/\/cierreshogar.com\/cerramientos\/chapa-p-b-200\/"},"modified":"2021-07-01T11:56:46","modified_gmt":"2021-07-01T09:56:46","slug":"chapa-p-b-200","status":"publish","type":"product","link":"https:\/\/cierreshogar.com\/pt-pt\/cerramientos\/chapa-p-b-200\/","title":{"rendered":"CHAPA P.B. 200"},"content":{"rendered":"<p>De entre as chapas onduladas de uso m\u00faltiplo que fabricamos na Cierres del Hogar, a chapa P.B.200 destaca-se pela sua cobertura reduzida. \u00c9 muito manej\u00e1vel e capaz de se adaptar a diferentes v\u00e3os, sobrepondo-se facilmente.<\/p>\n<p>\u00c9 fabricada em a\u00e7o galvanizado e laminado a frio, cega ou microperfurada, e em alum\u00ednio. Al\u00e9m disso, pode ser fornecida com diferentes lacagens, de entre as quais se destaca o novo acabamento de madeira, texturizado e de alta resist\u00eancia.<\/p>\n<p>\u00c9 ideal para o fabrico de portas, cerramentos e revestimentos exteriores e interiores.<\/p>\n","protected":false},"excerpt":{"rendered":"\n<table id=\"tablepress-2\" class=\"tablepress tablepress-id-2\">\n<thead>\n<tr class=\"row-1\">\n\t<th class=\"column-1\">Espesor (mm)<\/th><th class=\"column-2\">Peso (Kg\/m)<\/th><th class=\"column-3\">Acabado<\/th>\n<\/tr>\n<\/thead>\n<tbody class=\"row-striping row-hover\">\n<tr class=\"row-2\">\n\t<td class=\"column-1\">0,6<\/td><td class=\"column-2\">Acero ciega: 1,260<br \/>\nAcero micropf: 1,100<\/td><td class=\"column-3\">Acero galvanizado, Acero prelacado.<br \/>\nPrelacados: Madera, Blanco-1006, Arena- 2000, Gris-5001, Verde-3000, Rojo-7004, Tabaco-2005 (otros colores bajo pedido)<\/td>\n<\/tr>\n<tr class=\"row-3\">\n\t<td class=\"column-1\">0,7<\/td><td class=\"column-2\">Ciego: 1,470<\/td><td class=\"column-3\">Acero inoxidable<\/td>\n<\/tr>\n<tr class=\"row-4\">\n\t<td class=\"column-1\">0,8<\/td><td class=\"column-2\">Acero ciega: 1,680<br \/>\nAcero micropf: 1,203<\/td><td class=\"column-3\">Acero laminado en fr\u00edo, galvanizado y prelacado Blanco - 1006<\/td>\n<\/tr>\n<tr class=\"row-5\">\n\t<td class=\"column-1\">1,0<\/td><td class=\"column-2\">Acero ciega: 0,718<br \/>\nAcero micropf: 0,503<\/td><td class=\"column-3\">Aluminio crudo<\/td>\n<\/tr>\n<\/tbody>\n<\/table>\n<!-- #tablepress-2 from cache -->\n","protected":false},"featured_media":4097,"template":"","meta":{"_et_pb_use_builder":"off","_et_pb_old_content":"De entre as chapas onduladas de uso m\u00faltiplo que fabricamos na Cierres del Hogar, a chapa P.B.200 destaca-se pela sua cobertura reduzida. \u00c9 muito manej\u00e1vel e capaz de se adaptar a diferentes v\u00e3os, sobrepondo-se facilmente.\r\n\r\n\u00c9 fabricada em a\u00e7o galvanizado e laminado a frio, cega ou microperfurada, e em alum\u00ednio. Al\u00e9m disso, pode ser fornecida com diferentes lacagens, de entre as quais se destaca o novo acabamento de madeira, texturizado e de alta resist\u00eancia.\r\n\r\n\u00c9 ideal para o fabrico de portas, cerramentos e revestimentos exteriores e interiores.","_et_gb_content_width":""},"product_brand":[],"product_cat":[88,84],"product_tag":[],"class_list":{"0":"post-4088","1":"product","2":"type-product","3":"status-publish","4":"has-post-thumbnail","6":"product_cat-chapas-onduladas","7":"product_cat-portas-e-guias","9":"first","10":"instock","11":"shipping-taxable","12":"product-type-simple"},"_links":{"self":[{"href":"https:\/\/cierreshogar.com\/pt-pt\/wp-json\/wp\/v2\/product\/4088","targetHints":{"allow":["GET"]}}],"collection":[{"href":"https:\/\/cierreshogar.com\/pt-pt\/wp-json\/wp\/v2\/product"}],"about":[{"href":"https:\/\/cierreshogar.com\/pt-pt\/wp-json\/wp\/v2\/types\/product"}],"wp:featuredmedia":[{"embeddable":true,"href":"https:\/\/cierreshogar.com\/pt-pt\/wp-json\/wp\/v2\/media\/4097"}],"wp:attachment":[{"href":"https:\/\/cierreshogar.com\/pt-pt\/wp-json\/wp\/v2\/media?parent=4088"}],"wp:term":[{"taxonomy":"product_brand","embeddable":true,"href":"https:\/\/cierreshogar.com\/pt-pt\/wp-json\/wp\/v2\/product_brand?post=4088"},{"taxonomy":"product_cat","embeddable":true,"href":"https:\/\/cierreshogar.com\/pt-pt\/wp-json\/wp\/v2\/product_cat?post=4088"},{"taxonomy":"product_tag","embeddable":true,"href":"https:\/\/cierreshogar.com\/pt-pt\/wp-json\/wp\/v2\/product_tag?post=4088"}],"curies":[{"name":"wp","href":"https:\/\/api.w.org\/{rel}","templated":true}]}}